{"id":279,"date":"2018-05-22T12:00:54","date_gmt":"2018-05-22T10:00:54","guid":{"rendered":"http:\/\/pension-beim-wirt.de\/?page_id=279"},"modified":"2022-02-09T14:19:49","modified_gmt":"2022-02-09T13:19:49","slug":"datenschutz","status":"publish","type":"page","link":"https:\/\/pension-beim-wirt.de\/pension-beim-wirt\/datenschutz\/","title":{"rendered":"Datenschutz"},"content":{"rendered":"\t\t<div data-elementor-type=\"wp-page\" data-elementor-id=\"279\" class=\"elementor elementor-279\">\n\t\t\t\t\t\t<section class=\"elementor-section elementor-top-section elementor-element elementor-element-39c68c0 elementor-section-full_width elementor-section-stretched elementor-section-height-default elementor-section-height-default\" data-id=\"39c68c0\" data-element_type=\"section\" data-e-type=\"section\" data-settings=\"{&quot;stretch_section&quot;:&quot;section-stretched&quot;,&quot;background_background&quot;:&quot;classic&quot;}\">\n\t\t\t\t\t\t<div class=\"elementor-container elementor-column-gap-default\">\n\t\t\t\t\t<div class=\"elementor-column elementor-col-100 elementor-top-column elementor-element elementor-element-b13fcc5\" data-id=\"b13fcc5\" data-element_type=\"column\" data-e-type=\"column\">\n\t\t\t<div class=\"elementor-widget-wrap elementor-element-populated\">\n\t\t\t\t\t\t<div class=\"elementor-element elementor-element-9198da6 elementor-widget elementor-widget-image\" data-id=\"9198da6\" data-element_type=\"widget\" data-e-type=\"widget\" data-widget_type=\"image.default\">\n\t\t\t\t<div class=\"elementor-widget-container\">\n\t\t\t\t\t\t\t\t\t\t\t\t\t\t\t<img decoding=\"async\" width=\"238\" height=\"84\" src=\"https:\/\/pension-beim-wirt.de\/pension-beim-wirt\/wp-content\/uploads\/2022\/02\/24-datenschutz.png\" class=\"attachment-full size-full wp-image-860\" alt=\"\" \/>\t\t\t\t\t\t\t\t\t\t\t\t\t\t\t<\/div>\n\t\t\t\t<\/div>\n\t\t\t\t\t<\/div>\n\t\t<\/div>\n\t\t\t\t\t<\/div>\n\t\t<\/section>\n\t\t\t\t<section class=\"elementor-section elementor-top-section elementor-element elementor-element-5889c4e elementor-section-boxed elementor-section-height-default elementor-section-height-default\" data-id=\"5889c4e\" data-element_type=\"section\" data-e-type=\"section\" data-settings=\"{&quot;background_background&quot;:&quot;gradient&quot;}\">\n\t\t\t\t\t\t<div class=\"elementor-container elementor-column-gap-default\">\n\t\t\t\t\t<div class=\"elementor-column elementor-col-100 elementor-top-column elementor-element elementor-element-79a3fa4\" data-id=\"79a3fa4\" data-element_type=\"column\" data-e-type=\"column\">\n\t\t\t<div class=\"elementor-widget-wrap elementor-element-populated\">\n\t\t\t\t\t\t<div class=\"elementor-element elementor-element-0f01d45 elementor-widget elementor-widget-spacer\" data-id=\"0f01d45\" data-element_type=\"widget\" data-e-type=\"widget\" data-widget_type=\"spacer.default\">\n\t\t\t\t<div class=\"elementor-widget-container\">\n\t\t\t\t\t\t\t<div class=\"elementor-spacer\">\n\t\t\t<div class=\"elementor-spacer-inner\"><\/div>\n\t\t<\/div>\n\t\t\t\t\t\t<\/div>\n\t\t\t\t<\/div>\n\t\t\t\t\t<\/div>\n\t\t<\/div>\n\t\t\t\t\t<\/div>\n\t\t<\/section>\n\t\t\t\t<section class=\"elementor-section elementor-top-section elementor-element elementor-element-313c36a2 elementor-section-boxed elementor-section-height-default elementor-section-height-default\" data-id=\"313c36a2\" data-element_type=\"section\" data-e-type=\"section\">\n\t\t\t\t\t\t<div class=\"elementor-container elementor-column-gap-default\">\n\t\t\t\t\t<div class=\"elementor-column elementor-col-100 elementor-top-column elementor-element elementor-element-643876df\" data-id=\"643876df\" data-element_type=\"column\" data-e-type=\"column\">\n\t\t\t<div class=\"elementor-widget-wrap elementor-element-populated\">\n\t\t\t\t\t\t<div class=\"elementor-element elementor-element-5f27233a elementor-widget elementor-widget-text-editor\" data-id=\"5f27233a\" data-element_type=\"widget\" data-e-type=\"widget\" data-widget_type=\"text-editor.default\">\n\t\t\t\t<div class=\"elementor-widget-container\">\n\t\t\t\t\t\t\t\t\t<p><span style=\"color: var( --e-global-color-text ); font-family: var( --e-global-typography-text-font-family ), Sans-serif; font-weight: var( --e-global-typography-text-font-weight ); background-color: var(--nv-site-bg); font-size: var(--bodyFontSize); letter-spacing: var(--bodyLetterSpacing); text-transform: var(--bodyTextTransform);\">Wir, die Familie Fried, nehmen den Schutz Ihrer pers\u00f6nlichen Daten sehr ernst und halten uns strikt an die Regeln der Datenschutzgesetze. Die von Ihnen mitgeteilten personenbezogenen Daten werden von uns entsprechend der Bestimmungen des Bundesdatenschutzgesetzes und des Telemediengesetzes erhoben, gespeichert und genutzt.<\/span><br><\/p>\n<p>Die nachfolgende Erkl\u00e4rung gibt Ihnen einen \u00dcberblick dar\u00fcber, wie wir diesen Schutz gew\u00e4hrleisten und welche Art von Daten zu welchem Zweck erhoben werden.<\/p>\n<p><strong>Erhebung, Verarbeitung und Nutzung Ihrer Daten und personenbezogenen Daten<\/strong><\/p>\n<p>Grunds\u00e4tzlich k\u00f6nnen Sie unsere Seite besuchen, ohne Angaben zu Ihrer Person zu machen.<\/p>\n<p>Pension beim Wirt erhebt und speichert automatisch in ihren Server Log Files Informationen, die Ihr Browser an uns \u00fcbermittelt. Dies sind: Browsertyp\/ -version, verwendetes Betriebssystem, Referrer URL (die zuvor besuchte Seite), Hostname des zugreifenden Rechners (IP Adresse), Uhrzeit der Serveranfrage<\/p>\n<p>Diese Daten werden ausschlie\u00dflich zur Verbesserung unseres Angebotes genutzt und erlauben keinen R\u00fcckschluss auf Ihre Person. Sollten Sie jedoch unser Kontaktformular nutzen, w\u00e4re uns die Zuordnung Ihrer IP Adresse zu Ihrer Person grunds\u00e4tzlich m\u00f6glich.<\/p>\n<p>Eine Zusammenf\u00fchrung der Informationen aus den Server Log Files mit anderen Datenquellen wird jedoch nicht vorgenommen. Die Server Log Files werden unmittelbar nach einer statistischen Auswertung gel\u00f6scht.<\/p>\n<p>Diese Webseite benutzt Count-per-Day, ein WordPress-Plugin, das eine statistische Analyse der Zugriffsdaten erm\u00f6glicht. Die erzeugten Informationen (anonymisierte IP-Adresse, Datum ohne Uhrzeit, Browsertyp- und Version, Herkunftsseite und Adresse der aktuellen Seite) werden auf dem Server des Websitebetreibers gespeichert.&nbsp;Durch die Anonymisierung der IP-Adresse ist keinerlei R\u00fcckschluss auf einzelne Personen m\u00f6glich. Die Daten werden nicht gespeichert oder an dritte weitergegeben.<\/p>\n<p><strong>Personenbezogene Daten<\/strong> werden von uns nur erhoben, verarbeitet und genutzt, wenn Sie uns diese freiwillig mitteilen, etwa durch Verwendung unseres Kontaktformulars.<br>Wir verwenden die von ihnen mitgeteilten Daten ohne Ihre gesonderte Einwilligung ausschlie\u00dflich zur Bearbeitung Ihres, uns bei der Kontaktaufnahme mitgeteilten Anliegens. Mit vollst\u00e4ndiger Abwicklung Ihres Anliegens werden Ihre Daten f\u00fcr die weitere Verwendung gesperrt und nach Ablauf der steuer- und handelsrechtlichen Vorschriften gel\u00f6scht, sofern Sie nicht ausdr\u00fccklich in die weitere Nutzung Ihrer Daten eingewilligt haben.<\/p>\n<p>Eine <strong>Weitergabe Ihrer personenbezogenen Daten<\/strong> an Dritte findet ohne Ihre Einwilligung nicht statt. Jedoch sind wir befugt im Einzelfall Auskunft \u00fcber Ihre Daten an zust\u00e4ndige Beh\u00f6rden zu erteilen, soweit diese Ihre Daten zum Zwecke der Erf\u00fcllung der gesetzlichen Befugnisse (z.B. Strafverfolgung) anfordern.<\/p>\n<p>In keinem Fall werden Ihre erhobenen personenbezogenen Daten an Dritte verkauft.<\/p>\n<p><strong>Verwendung von Cookies<\/strong><\/p>\n<p>Die Internetseiten verwenden an mehreren Stellen so genannte Cookies. Sie dienen dazu, unser Angebot nutzerfreundlicher, effektiver und sicherer zu machen. Cookies sind kleine Text- und Bilddateien, die auf Ihrem Rechner abgelegt werden und die Ihr Browser speichert. Die meisten der von uns verwendeten Cookies werden nach Ende Ihres Besuchs automatisch gel\u00f6scht (sog. \u201eSession-Cookies\u201c).<\/p>\n<p>Andere Cookies verbleiben auf Ihrem Rechner und erm\u00f6glichen uns, Ihren Rechner bei Ihrem n\u00e4chsten Besuch wieder zu erkennen und die Ladezeiten unserer Webseiten zu verringern (sog. \u201edauerhafte Cookies\u201c). Cookies richten auf Ihrem Rechner keinen Schaden an und enthalten keine Viren.<\/p>\n<p>Sie k\u00f6nnen das Speichern von Cookies in Ihren Browsereinstellungen jederzeit \u00e4ndern, indem Sie die Funktion \u201ekeine Cookies akzeptieren\u201c ausw\u00e4hlen. Wir weisen Sie jedoch darauf hin, dass in diesem Fall unsere Webseiten m\u00f6glicherweise nicht mehr in vollem Umfang genutzt werden k\u00f6nnen.<\/p>\n<p><strong>Webanalyse-Dienste (Google Analytics)<\/strong><\/p>\n<p>Diese Website benutzt Google Analytics, einen Webanalyse-Dienst von Google Inc. (\u201eGoogle\u201c). Google Analytics verwendet ebenfalls sog. Cookies, Textdateien, die auf Ihrem Computer gespeichert werden und die eine Analyse der Benutzung der Website durch Sie erm\u00f6glicht. Die durch den Cookie erzeugten Informationen \u00fcber Ihre Benutzung dieser Website (einschl. Ihrer IP-Adresse) werden an einen Server von Google in den USA \u00fcbertragen und dort gespeichert. Google wird diese Information benutzen, um Ihre Nutzung der Website auszuwerten, um Reports \u00fcber die Website-Aktivit\u00e4ten f\u00fcr die Website-Betreiber zusammenzustellen und um weitere mit der Website-Nutzung und der Internet-Nutzung verbundene Dienstleistung zu erbringen. Auch wird Google diese Information ggf. an Dritte \u00fcbertragen, sofern dies gesetzlich vorgeschrieben oder soweit Dritte diese Daten im Auftrag von Google verarbeiten. Google wird in keinem Fall Ihre IP-Adresse mit anderen Daten von Google in Verbindung bringen. Sie k\u00f6nnen die Installation der Cookies durch eine entsprechende Einstellung Ihrer Browser-Software verhindern; wir weisen Sie jedoch darauf hin, dass Sie in diesem Fall gegebenenfalls nicht s\u00e4mtliche Funktionen dieser Website vollumf\u00e4nglich nutzen k\u00f6nnen. Durch die Nutzung dieser Website erkl\u00e4ren Sie sich mit der Bearbeitung der \u00fcber Sie erhobenen Daten durch Google in der zuvor beschriebenen Art und Weise und zu dem zuvor benannten Zweck einverstanden.<\/p>\n<p>Wir weisen ferner darauf hin, dass diese Webseite Google Analytics mit der Erweiterung \u201e_anonymizeIp()\u201c verwendet und die IP-Adressen daher nur gek\u00fcrzt verarbeitet werden, so dass eine personenbezogene Bestimmbarkeit ausgeschlossen ist.<\/p>\n<p>Sie haben zudem die M\u00f6glichkeit das Tracking durch Google Analytics mittels Installation eines Browser-Add-ons zu deaktivieren (<a href=\"http:\/\/tools.google.com\/dlpage\/gaoptout?hl=de\">http:\/\/tools.google.com\/dlpage\/gaoptout?hl=de<\/a>).<\/p>\n<p>Weitere Informationen zu Google Inc., deren Datenschutzerkl\u00e4rung und Google Analytics finden Sie unter <a href=\"http:\/\/www.google.com\/\">http:\/\/www.google.com<\/a>.<\/p>\n<p><strong>Auskunftsrecht <\/strong><\/p>\n<p>Nach dem Bundesdatenschutzgesetz haben Sie ein Recht auf unentgeltliche Auskunft \u00fcber die bez\u00fcglich Ihrer Person gespeicherten Daten, deren Herkunft und Empf\u00e4nger sowie den Zweck der Datenverarbeitung sowie ggf. ein Recht auf Berichtigung, Sperrung oder L\u00f6schung dieser Daten. Wir werden Ihnen auf Verlangen jederzeit \u00fcber den \u00fcber Sie oder Ihr Unternehmen gespeicherten Datenbestand vollst\u00e4ndig und unentgeltlich Auskunft erteilen, Ihre Daten berichtigen, sperren oder l\u00f6schen sowie Ihre Fragen zur Erfassung, Speicherung und Verwendung Ihrer Daten gerne beantworten. Wenden Sie sich hierzu einfach an unseren am Ende dieser Datenschutzerkl\u00e4rung benannten Ansprechpartner f\u00fcr Datenschutz.<\/p>\n<p><strong>Widerruf von Einwilligungen <\/strong><\/p>\n<p>Sollten Sie uns eine Einwilligung zur Kontaktaufnahme gegeben haben, k\u00f6nnen Sie diese Einwilligung jederzeit mit Wirkung f\u00fcr die Zukunft widerrufen. Senden Sie hierzu eine E-Mail an:<\/p>\n<p>info@pension-beim-wirt.de<\/p>\n<p>oder eine formlose Mitteilung auf dem Postweg an:<\/p>\n<p>Pension beim Wirt<br><span style=\"color: var( --e-global-color-text ); font-family: var( --e-global-typography-text-font-family ), Sans-serif; font-weight: var( --e-global-typography-text-font-weight ); background-color: var(--nv-site-bg); font-size: var(--bodyFontSize); letter-spacing: var(--bodyLetterSpacing); text-transform: var(--bodyTextTransform);\">St.Helena-Stra\u00dfe 13<br><\/span><span style=\"color: var( --e-global-color-text ); font-family: var( --e-global-typography-text-font-family ), Sans-serif; font-weight: var( --e-global-typography-text-font-weight ); background-color: var(--nv-site-bg); font-size: var(--bodyFontSize); letter-spacing: var(--bodyLetterSpacing); text-transform: var(--bodyTextTransform);\">D-85254 Orthofen<\/span><\/p>\n<p><strong>Datensicherheit<\/strong><\/p>\n<p>Da uns die Sicherheit Ihrer Daten wichtig ist, sichern wir unsere Website und sonstigen Systeme durch technische und organisatorische Ma\u00dfnahmen gegen Verlust, Zerst\u00f6rung, Zugriff, Ver\u00e4nderung oder Verbreitung Ihrer Daten durch unbefugte Personen. Trotz regelm\u00e4\u00dfiger Kontrollen ist ein vollst\u00e4ndiger Schutz gegen alle Gefahren jedoch nicht m\u00f6glich.<\/p>\n<p><strong>Ansprechpartner f\u00fcr Datenschutz<\/strong><\/p>\n<p>Ihr Vertrauen ist uns wichtig. Daher m\u00f6chten wir Ihnen jederzeit Rede und Antwort bez\u00fcglich der Verarbeitung Ihrer personenbezogenen Daten stehen. Bei Fragen zur Erhebung, Verarbeitung oder Nutzung Ihrer personenbezogenen Daten, bei Ausk\u00fcnften, Berichtigung, Sperrung oder L\u00f6schung von Daten wenden Sie sich bitte an:<\/p>\n<p>Pension beim Wirt<br><span style=\"color: var( --e-global-color-text ); font-family: var( --e-global-typography-text-font-family ), Sans-serif; font-weight: var( --e-global-typography-text-font-weight ); background-color: var(--nv-site-bg); font-size: var(--bodyFontSize); letter-spacing: var(--bodyLetterSpacing); text-transform: var(--bodyTextTransform);\">+49 (0) 8134\/556600<br><\/span><span style=\"color: var( --e-global-color-text ); font-family: var( --e-global-typography-text-font-family ), Sans-serif; font-weight: var( --e-global-typography-text-font-weight ); background-color: var(--nv-site-bg); font-size: var(--bodyFontSize); letter-spacing: var(--bodyLetterSpacing); text-transform: var(--bodyTextTransform);\">Info@pension-beim-Wirt.de<\/span><\/p>\n<p>&nbsp;<\/p>\t\t\t\t\t\t\t\t<\/div>\n\t\t\t\t<\/div>\n\t\t\t\t\t<\/div>\n\t\t<\/div>\n\t\t\t\t\t<\/div>\n\t\t<\/section>\n\t\t\t\t<\/div>\n\t\t","protected":false},"excerpt":{"rendered":"<p>Wir, die Familie Fried, nehmen den Schutz Ihrer pers\u00f6nlichen Daten sehr ernst und halten uns strikt an die Regeln der Datenschutzgesetze. Die von Ihnen mitgeteilten personenbezogenen Daten werden von uns entsprechend der Bestimmungen des Bundesdatenschutzgesetzes und des Telemediengesetzes erhoben, gespeichert und genutzt. Die nachfolgende Erkl\u00e4rung gibt Ihnen einen \u00dcberblick dar\u00fcber, wie wir diesen Schutz gew\u00e4hrleisten&hellip;&nbsp;<a href=\"https:\/\/pension-beim-wirt.de\/pension-beim-wirt\/datenschutz\/\" class=\"\" rel=\"bookmark\">Weiterlesen &raquo;<span class=\"screen-reader-text\">Datenschutz<\/span><\/a><\/p>\n","protected":false},"author":1,"featured_media":0,"parent":0,"menu_order":0,"comment_status":"closed","ping_status":"closed","template":"elementor_header_footer","meta":{"neve_meta_sidebar":"","neve_meta_container":"","neve_meta_enable_content_width":"off","neve_meta_content_width":100,"neve_meta_title_alignment":"","neve_meta_author_avatar":"","neve_post_elements_order":"","neve_meta_disable_header":"","neve_meta_disable_footer":"","neve_meta_disable_title":"","footnotes":""},"class_list":["post-279","page","type-page","status-publish","hentry"],"_links":{"self":[{"href":"https:\/\/pension-beim-wirt.de\/pension-beim-wirt\/wp-json\/wp\/v2\/pages\/279","targetHints":{"allow":["GET"]}}],"collection":[{"href":"https:\/\/pension-beim-wirt.de\/pension-beim-wirt\/wp-json\/wp\/v2\/pages"}],"about":[{"href":"https:\/\/pension-beim-wirt.de\/pension-beim-wirt\/wp-json\/wp\/v2\/types\/page"}],"author":[{"embeddable":true,"href":"https:\/\/pension-beim-wirt.de\/pension-beim-wirt\/wp-json\/wp\/v2\/users\/1"}],"replies":[{"embeddable":true,"href":"https:\/\/pension-beim-wirt.de\/pension-beim-wirt\/wp-json\/wp\/v2\/comments?post=279"}],"version-history":[{"count":7,"href":"https:\/\/pension-beim-wirt.de\/pension-beim-wirt\/wp-json\/wp\/v2\/pages\/279\/revisions"}],"predecessor-version":[{"id":863,"href":"https:\/\/pension-beim-wirt.de\/pension-beim-wirt\/wp-json\/wp\/v2\/pages\/279\/revisions\/863"}],"wp:attachment":[{"href":"https:\/\/pension-beim-wirt.de\/pension-beim-wirt\/wp-json\/wp\/v2\/media?parent=279"}],"curies":[{"name":"wp","href":"https:\/\/api.w.org\/{rel}","templated":true}]}}